{"id":146,"date":"2009-11-14T16:26:00","date_gmt":"2009-11-14T15:26:00","guid":{"rendered":"https:\/\/www.revedecheval.com\/?page_id=146"},"modified":"2024-03-14T21:40:16","modified_gmt":"2024-03-14T20:40:16","slug":"presentation-de-nicole-andress","status":"publish","type":"page","link":"https:\/\/www.revedecheval.com\/?page_id=146","title":{"rendered":"Pr\u00e9sentation de Nicole Andress"},"content":{"rendered":"\n<p>Nicole Andress est psychopraticienne et exerce sa profession depuis 1989. Apr\u00e8s une formation d&rsquo;enseignante, puis une licence de psychologie, elle compl\u00e8te son parcours par plusieurs approches:<br>* <a href=\"https:\/\/www.revedecheval.com\/index.php?pages\/La-psychologie-biodynamique-de-Gerda-Boyesen\">la psychologie biodynamique de Gerda Boyesen,<\/a><br>* les massages bien-\u00eatre (massage su\u00e9dois, californien),<br>* l<a href=\"http:\/\/www.salomon-sellam.org\/pages\/index.php\">e d\u00e9codage biologique et la psychog\u00e9n\u00e9alogie<\/a><br>* trois ans de formation \u00e0 <a href=\"http:\/\/www.horses-shiatsu.com\/fr\/l_ecole.shtml\">l&rsquo;\u00e9cole \u00e9cossaise de shiatsu \u00e9quin<\/a> cr\u00e9\u00e9e en France par Liz Eddy et <a href=\"http:\/\/www.christellepernot.fr\">Christelle Pernot<\/a><br>* facilitatrice \u00e9quine en coaching et d\u00e9veloppement personnel avec Kathy Pike aux USA, approche EPONA<\/p>\n\n\n\n<p>Parall\u00e8lement \u00e0 ses formations elle s&rsquo;implique elle-m\u00eame dans un processus de th\u00e9rapie personnelle ;<\/p>\n\n\n\n<figure class=\"wp-block-image\"><img decoding=\"async\" src=\"https:\/\/www.revedecheval.com\/public\/.M55.jpg_bis_s.jpg\" alt=\"nicole\" title=\"nicole, nov. 2009\"\/><\/figure>\n\n\n\n<p>Nicole Andress, install\u00e9e \u00e0 Carpentras dans le d\u00e9partement du Vaucluse (84) , vous propose diff\u00e9rentes activit\u00e9s th\u00e9rapeutiques en individuel et en petits groupes<\/p>\n\n\n\n<p>\u2022 la psychoth\u00e9rapie analytique dans l&rsquo;esprit de C. G JUNG et l\u2019 interpr\u00e9tation des r\u00eaves<\/p>\n\n\n\n<p> \u2022 la psychologie biodynamique : approche psychocorporelle<\/p>\n\n\n\n<p> \u2022 des propositions avec les chevaux comme partenaires : connaissance de soi, apprendre la Vie \u00e0 l\u2019\u00e9coute de la sagesse du cheval, th\u00e9rapie psycho-corporelle<\/p>\n\n\n\n<p>Apr\u00e8s avoir pratiqu\u00e9 pendant de nombreuses ann\u00e9es la psychoth\u00e9rapie analytique dans l&rsquo;esprit de C. G JUNG et la psychologie biodynamique, Nicole Andress s\u2019est form\u00e9e au d\u00e9codage biologique, \u00e0 la psychog\u00e9n\u00e9alogie. En 2005 une rencontre avec les chevaux au cours de sa formation en shiatsu \u00e9quin lui a ouvert une nouvelle voie dans la relation et la communication avec eux.<\/p>\n\n\n\n<p>Au m\u00eame moment la lecture du livre \u00ab\u00a0Le Tao du cheval\u00a0\u00bb de Linda Kohanov a \u00e9t\u00e9 pour elle la confirmation que le cheval peut nous gu\u00e9rir de nos blessures pass\u00e9es . Il nous ouvre \u00e0 une connaissance de soi plus large et nous r\u00e9v\u00e8le \u00e0 nous m\u00eame dans un processus de transformation de notre vie .<\/p>\n\n\n\n<p>Aujourd&rsquo;hui Nicole Andress est facilitatrice \u00e9quine en coaching et en d\u00e9veloppement personnel, certifi\u00e9e par l&rsquo;\u00e9cole de Kathy Pike aux \u00c9tats-Unis. Le coaching et le d\u00e9veloppement personnel facilit\u00e9 par les chevaux est enseign\u00e9 par Kathy Pike \u00e0 partir de sa m\u00e9thode EFCL (Equine Facilitated Learning and Coaching). coachingwithhorses.com Kathy Pike est elle-m\u00eame instructrice certifi\u00e9e de l&rsquo;approche EPONAQUEST cr\u00e9\u00e9e par Linda Kohanov.<\/p>\n\n\n\n<p><\/p>\n\n\n<div class=\"wp-block-image\">\n<figure class=\"aligncenter size-full\"><img loading=\"lazy\" decoding=\"async\" width=\"448\" height=\"140\" src=\"https:\/\/www.revedecheval.com\/wp-content\/uploads\/2024\/01\/image-3.png\" alt=\"\" class=\"wp-image-147\" srcset=\"https:\/\/www.revedecheval.com\/wp-content\/uploads\/2024\/01\/image-3.png 448w, https:\/\/www.revedecheval.com\/wp-content\/uploads\/2024\/01\/image-3-300x94.png 300w\" sizes=\"auto, (max-width: 448px) 100vw, 448px\" \/><\/figure>\n<\/div>","protected":false},"excerpt":{"rendered":"<p>Nicole Andress est psychopraticienne et exerce sa profession depuis 1989. Apr\u00e8s une formation d&rsquo;enseignante, puis une licence de psychologie, elle compl\u00e8te son parcours par plusieurs approches:* la psychologie biodynamique de Gerda Boyesen,* les massages bien-\u00eatre (massage su\u00e9dois, californien),* le d\u00e9codage biologique et la psychog\u00e9n\u00e9alogie* trois ans de formation \u00e0 l&rsquo;\u00e9cole&hellip; <\/p>\n","protected":false},"author":2,"featured_media":0,"parent":0,"menu_order":0,"comment_status":"closed","ping_status":"closed","template":"","meta":{"footnotes":""},"class_list":["post-146","page","type-page","status-publish","hentry"],"_links":{"self":[{"href":"https:\/\/www.revedecheval.com\/index.php?rest_route=\/wp\/v2\/pages\/146","targetHints":{"allow":["GET"]}}],"collection":[{"href":"https:\/\/www.revedecheval.com\/index.php?rest_route=\/wp\/v2\/pages"}],"about":[{"href":"https:\/\/www.revedecheval.com\/index.php?rest_route=\/wp\/v2\/types\/page"}],"author":[{"embeddable":true,"href":"https:\/\/www.revedecheval.com\/index.php?rest_route=\/wp\/v2\/users\/2"}],"replies":[{"embeddable":true,"href":"https:\/\/www.revedecheval.com\/index.php?rest_route=%2Fwp%2Fv2%2Fcomments&post=146"}],"version-history":[{"count":3,"href":"https:\/\/www.revedecheval.com\/index.php?rest_route=\/wp\/v2\/pages\/146\/revisions"}],"predecessor-version":[{"id":240,"href":"https:\/\/www.revedecheval.com\/index.php?rest_route=\/wp\/v2\/pages\/146\/revisions\/240"}],"wp:attachment":[{"href":"https:\/\/www.revedecheval.com\/index.php?rest_route=%2Fwp%2Fv2%2Fmedia&parent=146"}],"curies":[{"name":"wp","href":"https:\/\/api.w.org\/{rel}","templated":true}]}}