{"id":144,"date":"2009-11-11T16:24:00","date_gmt":"2009-11-11T15:24:00","guid":{"rendered":"https:\/\/www.revedecheval.com\/?page_id=144"},"modified":"2024-01-19T16:25:25","modified_gmt":"2024-01-19T15:25:25","slug":"la-psychologie-biodynamique-de-gerda-boyesen","status":"publish","type":"page","link":"https:\/\/www.revedecheval.com\/?page_id=144","title":{"rendered":"La psychologie biodynamique de Gerda Boyesen"},"content":{"rendered":"\n<p>Gerda Boyesen \u00e9tait une psychologue norv\u00e9gienne form\u00e9e \u00e0 l\u2019analyse reichienne et \u00e0 la physioth\u00e9rapie.<\/p>\n\n\n\n<p>En fondant et en cr\u00e9ant la <strong>\u00ab psychologie biodynamique \u00bb<\/strong>, elle a d\u00e9velopp\u00e9 une m\u00e9thode unique de psychoth\u00e9rapie bas\u00e9e sur l\u2019\u00e9tude de la circulation de l\u2019<strong>\u00e9nergie vitale<\/strong> (bio\u00e9nergie) qui influence les processus de la personne \u00e0 diff\u00e9rents niveaux.<\/p>\n\n\n\n<p><strong>La personne est consid\u00e9r\u00e9e comme une unit\u00e9 o\u00f9 les processus du corps et de la psych\u00e9 sont en relation les uns avec les autres.<\/strong><\/p>\n\n\n\n<p>Chaque \u00e9motion, chaque choc, chaque frustration a une cons\u00e9quence directe autant sur la physiologie de la personne que sur sa psychologie. Naturellement, l\u2019organisme sain a la capacit\u00e9 d\u2019exprimer, de r\u00e9soudre et de \u00ab dig\u00e9rer \u00bb des perturbations \u00e9motionnelles m\u00eame graves.<\/p>\n\n\n\n<p>Lorsque les \u00e9motions ne sont pas exprim\u00e9es et les conflits non r\u00e9solus, le stress s\u2019accumule, couche par couche jusqu\u2019\u00e0 l\u2019apparition de sympt\u00f4mes physiques et, ou psychologiques.<\/p>\n\n\n\n<p>Ceci est particuli\u00e8rement grave surtout pendant les premi\u00e8res ann\u00e9es du d\u00e9veloppement physique et \u00e9motionnel de l\u2019enfant. Il est alors possible que l\u2019organisme perde, totalement ou en partie cette capacit\u00e9 naturelle d\u2019auto r\u00e9gulation et d\u2019auto-gu\u00e9rison.<br>Trop souvent, dans un contexte d\u00e9favorable,<strong> l\u2019enfant va enfouir sa v\u00e9ritable personnalit\u00e9 et d\u00e9velopper une personnalit\u00e9 secondaire pour faire face \u00e0 cet environnement en termes d\u2019adaptation et de compromis avec lui-m\u00eame. L\u2019enfant va faire un effort pour retenir ses \u00e9motions. Celui-ci va s\u2019inscrire dans des tensions musculaires sp\u00e9cifiques et l\u2019\u00e9nergie vitale sera entrav\u00e9e dans sa libre circulation.<\/strong><\/p>\n\n\n\n<p><strong>La th\u00e9rapie biodynamique cherche \u00e0 restaurer cette capacit\u00e9 naturelle d\u2019auto r\u00e9gulation, et \u00e0 soutenir et encourager l\u2019expression de la personnalit\u00e9 profonde et vivante, qu\u2019elle appelle la personnalit\u00e9 primaire<\/strong>.<\/p>\n\n\n\n<p>Elle est bas\u00e9e sur un concept fondamental qui se manifeste par un processus corporel : <strong>Le cycle \u00e9motionnel et le psycho-p\u00e9ristaltisme.<\/strong><\/p>\n\n\n\n<p>Ce cycle d\u00e9crit la mont\u00e9e d\u2019une \u00e9motion puis sa dissolution qui entra\u00eenent une grande s\u00e9quence de changements physiologiques avant de revenir \u00e0 un \u00e9tat normal.<\/p>\n\n\n\n<p><strong>Pour Gerda Boyesen, les mouvements p\u00e9ristaltiques des intestins participent \u00e0 ces changements physiologiques en \u00ab dig\u00e9rant \u00bb les r\u00e9sidus biochimiques li\u00e9s au stress lorsque celui-ci est pass\u00e9.<\/strong><\/p>\n\n\n\n<p>Ce \u00ab nettoyage \u00bb permet \u00e0 l\u2019\u00e9nergie vitale de circuler \u00e0 nouveau librement dans le corps et dans les cellules.<\/p>\n\n\n\n<p>__La personnalit\u00e9 primaire peut alors se lib\u00e9rer et s\u2019exprimer ouvertement entra\u00eenant un bien-\u00eatre physique et psychique. __<\/p>\n","protected":false},"excerpt":{"rendered":"<p>Gerda Boyesen \u00e9tait une psychologue norv\u00e9gienne form\u00e9e \u00e0 l\u2019analyse reichienne et \u00e0 la physioth\u00e9rapie. En fondant et en cr\u00e9ant la \u00ab psychologie biodynamique \u00bb, elle a d\u00e9velopp\u00e9 une m\u00e9thode unique de psychoth\u00e9rapie bas\u00e9e sur l\u2019\u00e9tude de la circulation de l\u2019\u00e9nergie vitale (bio\u00e9nergie) qui influence les processus de la personne \u00e0&hellip; <\/p>\n","protected":false},"author":2,"featured_media":0,"parent":0,"menu_order":0,"comment_status":"closed","ping_status":"closed","template":"","meta":{"footnotes":""},"class_list":["post-144","page","type-page","status-publish","hentry"],"_links":{"self":[{"href":"https:\/\/www.revedecheval.com\/index.php?rest_route=\/wp\/v2\/pages\/144","targetHints":{"allow":["GET"]}}],"collection":[{"href":"https:\/\/www.revedecheval.com\/index.php?rest_route=\/wp\/v2\/pages"}],"about":[{"href":"https:\/\/www.revedecheval.com\/index.php?rest_route=\/wp\/v2\/types\/page"}],"author":[{"embeddable":true,"href":"https:\/\/www.revedecheval.com\/index.php?rest_route=\/wp\/v2\/users\/2"}],"replies":[{"embeddable":true,"href":"https:\/\/www.revedecheval.com\/index.php?rest_route=%2Fwp%2Fv2%2Fcomments&post=144"}],"version-history":[{"count":1,"href":"https:\/\/www.revedecheval.com\/index.php?rest_route=\/wp\/v2\/pages\/144\/revisions"}],"predecessor-version":[{"id":145,"href":"https:\/\/www.revedecheval.com\/index.php?rest_route=\/wp\/v2\/pages\/144\/revisions\/145"}],"wp:attachment":[{"href":"https:\/\/www.revedecheval.com\/index.php?rest_route=%2Fwp%2Fv2%2Fmedia&parent=144"}],"curies":[{"name":"wp","href":"https:\/\/api.w.org\/{rel}","templated":true}]}}