{"id":142,"date":"2014-01-09T16:21:00","date_gmt":"2014-01-09T15:21:00","guid":{"rendered":"https:\/\/www.revedecheval.com\/?page_id=142"},"modified":"2024-03-14T08:04:46","modified_gmt":"2024-03-14T07:04:46","slug":"a-lecoute-de-la-sagesse-du-cheval","status":"publish","type":"page","link":"https:\/\/www.revedecheval.com\/?page_id=142","title":{"rendered":"A l&rsquo;\u00e9coute de la sagesse du cheval"},"content":{"rendered":"\n<p>Issue de l\u2019approche EPONA cr\u00e9\u00e9e en 1997 aux USA par Linda Kohanov , la d\u00e9marche propos\u00e9e dans ces stages propose un accompagnement des personnes dans un processus de croissance , de transformation et de mieux \u00eatre avec la m\u00e9diation du cheval.<br><br><\/p>\n\n\n\n<p><img decoding=\"async\" src=\"https:\/\/www.revedecheval.com\/public\/.IMG_0654_-_Copie_m.jpg\" alt=\"zane et wendy\"> <\/p>\n\n\n\n<p>Elle est bas\u00e9e sur la connexion qui s\u2019\u00e9tablit \u00e0 pied entre une personne et un cheval en libert\u00e9 dans un rond de longe ou un enclos.<br><br><br>Le cheval ne parle pas, c\u2019est un \u00eatre sensitif tr\u00e8s sensible, il est extr\u00eamement r\u00e9ceptif \u00e0 la communication qui passe par le langage du corps, principalement par des sensations et des \u00e9motions.<br><br><\/p>\n\n\n\n<p>De plus c\u2019est un animal social, il tend spontan\u00e9ment \u00e0 entrer en relation avec l\u2019autre, humain ou animal, si celui-ci ne se comporte pas comme un pr\u00e9dateur.<br><br>Aussi Le cheval est l\u00e0, compagnon fid\u00e8le et g\u00e9n\u00e9reux pour nous aider \u00e0 r\u00e9habiliter notre nature face \u00e0 une soci\u00e9t\u00e9 moderne qui met au premier plan les exigences de l\u2019intellect et du mental rationnel.<\/p>\n\n\n\n<p>Si nous voulons bien l&rsquo;\u00e9couter, il nous invite \u00e0 porter notre attention \u00e0 ses propres modes de communication.<br>Malgr\u00e9 certaines apparences, ceux-ci ne nous sont pas compl\u00e8tement \u00e9trangers.<\/p>\n\n\n\n<p>En effet, nous savons maintenant que m\u00eame entre humains, la communication verbale ne repr\u00e9sente que 10% de notre communication globale.<\/p>\n\n\n\n<p>Que sont les 90% restants ?<\/p>\n\n\n\n<p>Ils repr\u00e9sentent justement le langage du corps, les sensations et les \u00e9motions, des signaux subtils que nous envoyons \u00e0 l\u2019autre, le plus souvent inconsciemment.<\/p>\n\n\n\n<p>Ce sont ces 90% que le cheval va prendre en compte dans sa relation avec nous et nous dirons qu\u2019il nous pr\u00e9sente le miroir de qui nous sommes dans cette dimension naturelle et instinctive.<\/p>\n\n\n\n<p>Il murmure \u00e0 nos oreilles une connaissance \u00e9largie de nous-m\u00eames que Linda Kohanov a nomm\u00e9 la sagesse du cheval.<\/p>\n\n\n\n<p>QUELS BENEFICES APPORTE CETTE DEMARCHE?<\/p>\n\n\n\n<p>\u2022 Elle \u00e9largit l\u2019exp\u00e9rience et la conscience de qui nous sommes dans 4 axes principaux:<\/p>\n\n\n\n<p>&#8211; Le corps , les sensations<\/p>\n\n\n\n<p>&#8211; Les \u00e9motions<\/p>\n\n\n\n<p>&#8211; Les pens\u00e9es, les croyances : discerner les croyances limitantes et les conditionnements collectifs<\/p>\n\n\n\n<p>&#8211; Inspiration, vision, sens de notre chemin<br><\/p>\n\n\n\n<p>\u2022 Elle am\u00e9liore la qualit\u00e9 de nos relations avec les autres :<\/p>\n\n\n\n<p>&#8211; Ecouter avec tous nos sens<\/p>\n\n\n\n<p>&#8211; Mieux g\u00e9rer nos \u00e9motions<\/p>\n\n\n\n<p>&#8211; S\u2019exprimer , prendre sa place, respecter l\u2019autre et se faire respecter<br><\/p>\n\n\n\n<p>\u2022 Elle a un effet th\u00e9rapeutique :<\/p>\n\n\n\n<p>La rencontre avec le cheval peut mettre \u00e0 jour des m\u00e9moires de traumatismes et des souffrances \u00e9motionnelles pr\u00e9sentes et pass\u00e9es qui continuent \u00e0 nous parasiter.% Le cheval nous offre une pr\u00e9sence inconditionnelle qui apaise ces souffrances et nous ouvre \u00e0 des ressources qui nous gu\u00e9rissent.<\/p>\n\n\n\n<ul class=\"wp-block-list\">\n<li>Elle ouvre l\u2019acc\u00e8s \u00e0 des ressources parfois insoup\u00e7onn\u00e9es.<\/li>\n<\/ul>\n\n\n\n<p>Des possibilit\u00e9s cr\u00e9atrices s\u2019\u00e9veillent et la personne est plus \u00e0 m\u00eame de cr\u00e9er sa vie plut\u00f4t que de la subir, en accord avec ses aspirations profondes et ses r\u00eaves<\/p>\n\n\n\n<p><\/p>\n\n\n\n<figure class=\"wp-block-image\"><img decoding=\"async\" src=\"https:\/\/www.revedecheval.com\/public\/.IMG_1070_-_Copie_m.jpg\" alt=\"lisa et sophie 2\" title=\"lisa et sophie 2, juin 2013\"\/><\/figure>\n\n\n\n<p>A QUI S\u2019ADRESSE CETTE DEMARCHE ?<br><\/p>\n\n\n\n<p>A toute personne<\/p>\n\n\n\n<p>\u2022 Qui ressent le besoin de se ressourcer, de se reconnecter \u00e0 la nature, de faire le point par rapport \u00e0 une vie charg\u00e9e d\u2019activit\u00e9s et (ou) de stress<\/p>\n\n\n\n<p>\u2022 Qui a envie de mieux vivre ses relations personnelles et (ou) professionnelles<\/p>\n\n\n\n<p>\u2022 Qui traverse une crise, une p\u00e9riode difficile de transition (deuil , maladie, s\u00e9paration, \u2026)<\/p>\n\n\n\n<p>A des professionnels concern\u00e9s par la relation d\u2019aide, les difficult\u00e9s soulev\u00e9es par le travail en \u00e9quipe et les relations hi\u00e9rarchiques.<br><\/p>\n\n\n\n<p>L\u2019exp\u00e9rience propos\u00e9e ne n\u00e9cessite aucune connaissance du cheval.<\/p>\n\n\n\n<p>Chaque personne est accompagn\u00e9e individuellement dans sa rencontre avec le cheval, en rapport avec son niveau d\u2019exp\u00e9rience et son ressenti face \u00e0 lui.<br><br>COMMENT SE DEROULE CETTE ACTIVITE?<br><br>Cette exp\u00e9rience est propos\u00e9e  dans le cadre de <a href=\"https:\/\/www.revedecheval.com\/index.php?post\/2010\/09\/02\/S%C3%A9ances-individuelles-de-connexion-avec-le-cheval\">SEANCES INDIVIDUELLES<\/a>.<br><\/p>\n\n\n\n<p><\/p>\n","protected":false},"excerpt":{"rendered":"<p>Issue de l\u2019approche EPONA cr\u00e9\u00e9e en 1997 aux USA par Linda Kohanov , la d\u00e9marche propos\u00e9e dans ces stages propose un accompagnement des personnes dans un processus de croissance , de transformation et de mieux \u00eatre avec la m\u00e9diation du cheval. Elle est bas\u00e9e sur la connexion qui s\u2019\u00e9tablit \u00e0&hellip; <\/p>\n","protected":false},"author":2,"featured_media":0,"parent":0,"menu_order":0,"comment_status":"closed","ping_status":"closed","template":"","meta":{"footnotes":""},"class_list":["post-142","page","type-page","status-publish","hentry"],"_links":{"self":[{"href":"https:\/\/www.revedecheval.com\/index.php?rest_route=\/wp\/v2\/pages\/142","targetHints":{"allow":["GET"]}}],"collection":[{"href":"https:\/\/www.revedecheval.com\/index.php?rest_route=\/wp\/v2\/pages"}],"about":[{"href":"https:\/\/www.revedecheval.com\/index.php?rest_route=\/wp\/v2\/types\/page"}],"author":[{"embeddable":true,"href":"https:\/\/www.revedecheval.com\/index.php?rest_route=\/wp\/v2\/users\/2"}],"replies":[{"embeddable":true,"href":"https:\/\/www.revedecheval.com\/index.php?rest_route=%2Fwp%2Fv2%2Fcomments&post=142"}],"version-history":[{"count":3,"href":"https:\/\/www.revedecheval.com\/index.php?rest_route=\/wp\/v2\/pages\/142\/revisions"}],"predecessor-version":[{"id":232,"href":"https:\/\/www.revedecheval.com\/index.php?rest_route=\/wp\/v2\/pages\/142\/revisions\/232"}],"wp:attachment":[{"href":"https:\/\/www.revedecheval.com\/index.php?rest_route=%2Fwp%2Fv2%2Fmedia&parent=142"}],"curies":[{"name":"wp","href":"https:\/\/api.w.org\/{rel}","templated":true}]}}