{"id":136,"date":"2011-05-10T16:11:00","date_gmt":"2011-05-10T14:11:00","guid":{"rendered":"https:\/\/www.revedecheval.com\/?page_id=136"},"modified":"2024-01-22T08:49:30","modified_gmt":"2024-01-22T07:49:30","slug":"bienvenue-sur-le-site-de-nicole-andress","status":"publish","type":"page","link":"https:\/\/www.revedecheval.com\/","title":{"rendered":"Bienvenue sur le site de Nicole Andress"},"content":{"rendered":"\n<p class=\"has-text-align-center\"><strong><br><br><br><strong><img decoding=\"async\" src=\"https:\/\/www.revedecheval.com\/public\/.chevaldereve_8_m.jpg\" alt=\"\"><\/strong><br><br><br><br><\/strong><strong>Apr\u00e8s m\u2019\u00eatre longuement regard\u00e9e dans le miroir des r\u00eaves,<br><br>\u00a0\u00a0\u00a0\u00a0 C\u2019est le cheval aujourd\u2019hui qui devient mon miroir\u2026<br><br>\u00a0\u00a0\u00a0\u00a0\u00a0\u00a0\u00a0\u00a0\u00a0\u00a0\u00a0\u00a0\u00a0\u00a0\u00a0 Ses r\u00eaves\u00a0 inspirent les miens,<br><br>\u00a0\u00a0\u00a0\u00a0 Et je lui pr\u00eate ma plume pour les mettre en mots.<\/strong><\/p>\n\n\n\n<p class=\"has-text-align-center\"><strong>&nbsp;&nbsp;&nbsp;&nbsp;&nbsp;&nbsp;&nbsp;&nbsp;&nbsp;&nbsp;&nbsp; C&rsquo;est lui qui me guide sur mon chemin &#8230;<\/strong><br><\/p>\n\n\n\n<p class=\"has-text-align-center\"><em>&#8230;Ils sont tous l\u00e0 au rendez-vous, la croupe au plus pr\u00e8s du vent,<\/em><\/p>\n\n\n\n<p class=\"has-text-align-center\"><em>F\u00e9\u00e9rie, Texane, Icare, M\u00e9lodie, Dakota&#8230;<\/em><\/p>\n\n\n\n<p class=\"has-text-align-center\"><em>Leurs yeux mi-clos m\u2019invitent \u00e0 les suivre dans un r\u00eave lointain et myst\u00e9rieux.<\/em><\/p>\n\n\n\n<p class=\"has-text-align-center\"><em>Moment sacr\u00e9 suspendu entre deux mondes&#8230;<\/em><\/p>\n\n\n<div class=\"wp-block-image\">\n<figure class=\"aligncenter\"><img decoding=\"async\" src=\"https:\/\/www.revedecheval.com\/public\/.ventoux_novembre_1_m.jpg\" alt=\"\" title=\"ventoux novembre 1, nov. 2009\"\/><\/figure>\n<\/div>","protected":false},"excerpt":{"rendered":"<p>Apr\u00e8s m\u2019\u00eatre longuement regard\u00e9e dans le miroir des r\u00eaves, \u00a0\u00a0\u00a0\u00a0 C\u2019est le cheval aujourd\u2019hui qui devient mon miroir\u2026 \u00a0\u00a0\u00a0\u00a0\u00a0\u00a0\u00a0\u00a0\u00a0\u00a0\u00a0\u00a0\u00a0\u00a0\u00a0 Ses r\u00eaves\u00a0 inspirent les miens, \u00a0\u00a0\u00a0\u00a0 Et je lui pr\u00eate ma plume pour les mettre en mots. &nbsp;&nbsp;&nbsp;&nbsp;&nbsp;&nbsp;&nbsp;&nbsp;&nbsp;&nbsp;&nbsp; C&rsquo;est lui qui me guide sur mon chemin &#8230; &#8230;Ils sont tous l\u00e0&hellip; <\/p>\n","protected":false},"author":2,"featured_media":0,"parent":0,"menu_order":0,"comment_status":"closed","ping_status":"closed","template":"","meta":{"footnotes":""},"class_list":["post-136","page","type-page","status-publish","hentry"],"_links":{"self":[{"href":"https:\/\/www.revedecheval.com\/index.php?rest_route=\/wp\/v2\/pages\/136","targetHints":{"allow":["GET"]}}],"collection":[{"href":"https:\/\/www.revedecheval.com\/index.php?rest_route=\/wp\/v2\/pages"}],"about":[{"href":"https:\/\/www.revedecheval.com\/index.php?rest_route=\/wp\/v2\/types\/page"}],"author":[{"embeddable":true,"href":"https:\/\/www.revedecheval.com\/index.php?rest_route=\/wp\/v2\/users\/2"}],"replies":[{"embeddable":true,"href":"https:\/\/www.revedecheval.com\/index.php?rest_route=%2Fwp%2Fv2%2Fcomments&post=136"}],"version-history":[{"count":4,"href":"https:\/\/www.revedecheval.com\/index.php?rest_route=\/wp\/v2\/pages\/136\/revisions"}],"predecessor-version":[{"id":215,"href":"https:\/\/www.revedecheval.com\/index.php?rest_route=\/wp\/v2\/pages\/136\/revisions\/215"}],"wp:attachment":[{"href":"https:\/\/www.revedecheval.com\/index.php?rest_route=%2Fwp%2Fv2%2Fmedia&parent=136"}],"curies":[{"name":"wp","href":"https:\/\/api.w.org\/{rel}","templated":true}]}}